{"id":305,"date":"2024-11-08T14:05:43","date_gmt":"2024-11-08T14:05:43","guid":{"rendered":"https:\/\/designerdasilva.com.br\/portfolio\/?page_id=305"},"modified":"2025-07-16T14:32:57","modified_gmt":"2025-07-16T14:32:57","slug":"web","status":"publish","type":"page","link":"https:\/\/designerdasilva.com.br\/portfolio\/web\/","title":{"rendered":"WEB"},"content":{"rendered":"\t\t<div data-elementor-type=\"wp-page\" data-elementor-id=\"305\" class=\"elementor elementor-305\">\n\t\t\t\t<div class=\"elementor-element elementor-element-10df47a e-flex e-con-boxed wpr-parallax-no wpr-sticky-section-no wpr-equal-height-no e-con e-parent\" data-id=\"10df47a\" data-element_type=\"container\" data-e-type=\"container\" data-settings=\"{&quot;background_background&quot;:&quot;gradient&quot;}\">\n\t\t\t\t\t<div class=\"e-con-inner\">\n\t\t<div class=\"elementor-element elementor-element-62c588d e-con-full e-flex wpr-particle-no wpr-jarallax-no wpr-parallax-no wpr-sticky-section-no wpr-equal-height-no elementor-invisible e-con e-child\" data-id=\"62c588d\" data-element_type=\"container\" data-e-type=\"container\" data-settings=\"{&quot;animation&quot;:&quot;fadeInLeft&quot;}\">\n\t\t\t\t<div class=\"elementor-element elementor-element-3d319ac elementor-widget__width-initial elementor-widget elementor-widget-heading\" data-id=\"3d319ac\" data-element_type=\"widget\" data-e-type=\"widget\" data-widget_type=\"heading.default\">\n\t\t\t\t<div class=\"elementor-widget-container\">\n\t\t\t\t\t<h5 class=\"elementor-heading-title elementor-size-default\">WEB - SITES - LANDING PAGES<\/h5>\t\t\t\t<\/div>\n\t\t\t\t<\/div>\n\t\t\t\t<\/div>\n\t\t<div class=\"elementor-element elementor-element-ce923b3 e-con-full e-flex wpr-particle-no wpr-jarallax-no wpr-parallax-no wpr-sticky-section-no wpr-equal-height-no elementor-invisible e-con e-child\" data-id=\"ce923b3\" data-element_type=\"container\" data-e-type=\"container\" data-settings=\"{&quot;background_background&quot;:&quot;gradient&quot;,&quot;animation&quot;:&quot;fadeInUp&quot;,&quot;animation_delay&quot;:2}\">\n\t\t<div class=\"elementor-element elementor-element-1f3c150 e-con-full e-flex wpr-particle-no wpr-jarallax-no wpr-parallax-no wpr-sticky-section-no wpr-equal-height-no elementor-invisible e-con e-child\" data-id=\"1f3c150\" data-element_type=\"container\" data-e-type=\"container\" data-settings=\"{&quot;animation&quot;:&quot;fadeInLeft&quot;,&quot;animation_delay&quot;:4}\">\n\t\t<div class=\"elementor-element elementor-element-00f19af e-con-full e-flex wpr-particle-no wpr-jarallax-no wpr-parallax-no wpr-sticky-section-no wpr-equal-height-no e-con e-child\" data-id=\"00f19af\" data-element_type=\"container\" data-e-type=\"container\">\n\t\t\t\t<div class=\"elementor-element elementor-element-5a7013d elementor-widget elementor-widget-image\" data-id=\"5a7013d\" data-element_type=\"widget\" data-e-type=\"widget\" data-widget_type=\"image.default\">\n\t\t\t\t<div class=\"elementor-widget-container\">\n\t\t\t\t\t\t\t\t\t\t\t\t\t\t\t<img fetchpriority=\"high\" decoding=\"async\" width=\"632\" height=\"1024\" src=\"https:\/\/designerdasilva.com.br\/portfolio\/wp-content\/uploads\/2024\/11\/gian-632x1024.png\" class=\"attachment-large size-large wp-image-333\" alt=\"\" srcset=\"https:\/\/designerdasilva.com.br\/portfolio\/wp-content\/uploads\/2024\/11\/gian-632x1024.png 632w, https:\/\/designerdasilva.com.br\/portfolio\/wp-content\/uploads\/2024\/11\/gian-185x300.png 185w, https:\/\/designerdasilva.com.br\/portfolio\/wp-content\/uploads\/2024\/11\/gian-768x1244.png 768w, https:\/\/designerdasilva.com.br\/portfolio\/wp-content\/uploads\/2024\/11\/gian-948x1536.png 948w, https:\/\/designerdasilva.com.br\/portfolio\/wp-content\/uploads\/2024\/11\/gian.png 1080w\" sizes=\"(max-width: 632px) 100vw, 632px\" \/>\t\t\t\t\t\t\t\t\t\t\t\t\t\t\t<\/div>\n\t\t\t\t<\/div>\n\t\t\t\t<\/div>\n\t\t\t\t<\/div>\n\t\t<div class=\"elementor-element elementor-element-77874b1 e-con-full e-flex wpr-particle-no wpr-jarallax-no wpr-parallax-no wpr-sticky-section-no wpr-equal-height-no e-con e-child\" data-id=\"77874b1\" data-element_type=\"container\" data-e-type=\"container\">\n\t\t<div class=\"elementor-element elementor-element-0284f2f e-con-full e-flex wpr-particle-no wpr-jarallax-no wpr-parallax-no wpr-sticky-section-no wpr-equal-height-no elementor-invisible e-con e-child\" data-id=\"0284f2f\" data-element_type=\"container\" data-e-type=\"container\" data-settings=\"{&quot;animation&quot;:&quot;fadeInRight&quot;,&quot;animation_delay&quot;:3}\">\n\t\t\t\t<div class=\"elementor-element elementor-element-da026b5 elementor-widget elementor-widget-text-editor\" data-id=\"da026b5\" data-element_type=\"widget\" data-e-type=\"widget\" data-widget_type=\"text-editor.default\">\n\t\t\t\t<div class=\"elementor-widget-container\">\n\t\t\t\t\t\t\t\t\t<h3><span class=\"destaque\">Site Piloto Stockcar!<\/span><\/h3><p>Site desenvolvido para:<\/p><h6><strong>Gianluca Petecof\u00a0Piloto da Stockcar<\/strong><\/h6><p><strong>Atua\u00e7\u00e3o no projeto:<\/strong> <em>Design e programa\u00e7\u00e3o.<\/em><\/p><p>Acesse: <a href=\"https:\/\/gpetecof.com\/\" target=\"_blank\" rel=\"noopener\">gpetecof.com<\/a><\/p>\t\t\t\t\t\t\t\t<\/div>\n\t\t\t\t<\/div>\n\t\t\t\t<\/div>\n\t\t\t\t<\/div>\n\t\t\t\t<\/div>\n\t\t<div class=\"elementor-element elementor-element-4c6d08d e-con-full e-flex wpr-particle-no wpr-jarallax-no wpr-parallax-no wpr-sticky-section-no wpr-equal-height-no elementor-invisible e-con e-child\" data-id=\"4c6d08d\" data-element_type=\"container\" data-e-type=\"container\" data-settings=\"{&quot;background_background&quot;:&quot;gradient&quot;,&quot;animation&quot;:&quot;fadeInUp&quot;}\">\n\t\t<div class=\"elementor-element elementor-element-0f4c0c0 e-con-full e-flex wpr-particle-no wpr-jarallax-no wpr-parallax-no wpr-sticky-section-no wpr-equal-height-no e-con e-child\" data-id=\"0f4c0c0\" data-element_type=\"container\" data-e-type=\"container\">\n\t\t<div class=\"elementor-element elementor-element-5e7d661 e-con-full e-flex wpr-particle-no wpr-jarallax-no wpr-parallax-no wpr-sticky-section-no wpr-equal-height-no elementor-invisible e-con e-child\" data-id=\"5e7d661\" data-element_type=\"container\" data-e-type=\"container\" data-settings=\"{&quot;animation&quot;:&quot;fadeInRight&quot;}\">\n\t\t\t\t<div class=\"elementor-element elementor-element-4c49328 elementor-widget elementor-widget-image\" data-id=\"4c49328\" data-element_type=\"widget\" data-e-type=\"widget\" data-widget_type=\"image.default\">\n\t\t\t\t<div class=\"elementor-widget-container\">\n\t\t\t\t\t\t\t\t\t\t\t\t\t\t\t<img decoding=\"async\" width=\"720\" height=\"1002\" src=\"https:\/\/designerdasilva.com.br\/portfolio\/wp-content\/uploads\/2024\/11\/edu-photo-estudio.png\" class=\"attachment-large size-large wp-image-334\" alt=\"\" srcset=\"https:\/\/designerdasilva.com.br\/portfolio\/wp-content\/uploads\/2024\/11\/edu-photo-estudio.png 720w, https:\/\/designerdasilva.com.br\/portfolio\/wp-content\/uploads\/2024\/11\/edu-photo-estudio-216x300.png 216w\" sizes=\"(max-width: 720px) 100vw, 720px\" \/>\t\t\t\t\t\t\t\t\t\t\t\t\t\t\t<\/div>\n\t\t\t\t<\/div>\n\t\t\t\t<\/div>\n\t\t\t\t<\/div>\n\t\t<div class=\"elementor-element elementor-element-0b43e9e e-con-full e-flex wpr-particle-no wpr-jarallax-no wpr-parallax-no wpr-sticky-section-no wpr-equal-height-no elementor-invisible e-con e-child\" data-id=\"0b43e9e\" data-element_type=\"container\" data-e-type=\"container\" data-settings=\"{&quot;animation&quot;:&quot;fadeInLeft&quot;}\">\n\t\t<div class=\"elementor-element elementor-element-2e4a2d5 e-con-full e-flex wpr-particle-no wpr-jarallax-no wpr-parallax-no wpr-sticky-section-no wpr-equal-height-no e-con e-child\" data-id=\"2e4a2d5\" data-element_type=\"container\" data-e-type=\"container\">\n\t\t\t\t<div class=\"elementor-element elementor-element-139e93b elementor-widget elementor-widget-text-editor\" data-id=\"139e93b\" data-element_type=\"widget\" data-e-type=\"widget\" data-widget_type=\"text-editor.default\">\n\t\t\t\t<div class=\"elementor-widget-container\">\n\t\t\t\t\t\t\t\t\t<h3><span class=\"destaque\">Site Est\u00fadio Fotogr\u00e1fico!<\/span><\/h3><p>Site desenvolvido para:<\/p><h6><strong>Edu Photo &amp; Studio <\/strong><\/h6><p><strong>Atua\u00e7\u00e3o no projeto:<\/strong> <em>Design e programa\u00e7\u00e3o.<\/em><\/p><p>Acesse: <a href=\"https:\/\/eduphotosestudio.com.br\/\" target=\"_blank\" rel=\"noopener\">eduphotosestudio.com.br<\/a><\/p>\t\t\t\t\t\t\t\t<\/div>\n\t\t\t\t<\/div>\n\t\t\t\t<\/div>\n\t\t\t\t<\/div>\n\t\t\t\t<\/div>\n\t\t<div class=\"elementor-element elementor-element-f52963b e-con-full e-flex wpr-particle-no wpr-jarallax-no wpr-parallax-no wpr-sticky-section-no wpr-equal-height-no elementor-invisible e-con e-child\" data-id=\"f52963b\" data-element_type=\"container\" data-e-type=\"container\" data-settings=\"{&quot;background_background&quot;:&quot;gradient&quot;,&quot;animation&quot;:&quot;fadeInUp&quot;}\">\n\t\t<div class=\"elementor-element elementor-element-f23af24 e-con-full e-flex wpr-particle-no wpr-jarallax-no wpr-parallax-no wpr-sticky-section-no wpr-equal-height-no e-con e-child\" data-id=\"f23af24\" data-element_type=\"container\" data-e-type=\"container\">\n\t\t<div class=\"elementor-element elementor-element-5bb028c e-con-full e-flex wpr-particle-no wpr-jarallax-no wpr-parallax-no wpr-sticky-section-no wpr-equal-height-no elementor-invisible e-con e-child\" data-id=\"5bb028c\" data-element_type=\"container\" data-e-type=\"container\" data-settings=\"{&quot;animation&quot;:&quot;fadeInRight&quot;}\">\n\t\t\t\t<div class=\"elementor-element elementor-element-124e6b8 elementor-widget elementor-widget-image\" data-id=\"124e6b8\" data-element_type=\"widget\" data-e-type=\"widget\" data-widget_type=\"image.default\">\n\t\t\t\t<div class=\"elementor-widget-container\">\n\t\t\t\t\t\t\t\t\t\t\t\t\t\t\t<img decoding=\"async\" width=\"663\" height=\"2560\" src=\"https:\/\/designerdasilva.com.br\/portfolio\/wp-content\/uploads\/2024\/12\/edu-landingpage-scaled.jpg\" class=\"attachment-full size-full wp-image-751\" alt=\"\" srcset=\"https:\/\/designerdasilva.com.br\/portfolio\/wp-content\/uploads\/2024\/12\/edu-landingpage-scaled.jpg 663w, https:\/\/designerdasilva.com.br\/portfolio\/wp-content\/uploads\/2024\/12\/edu-landingpage-78x300.jpg 78w, https:\/\/designerdasilva.com.br\/portfolio\/wp-content\/uploads\/2024\/12\/edu-landingpage-265x1024.jpg 265w, https:\/\/designerdasilva.com.br\/portfolio\/wp-content\/uploads\/2024\/12\/edu-landingpage-398x1536.jpg 398w\" sizes=\"(max-width: 663px) 100vw, 663px\" \/>\t\t\t\t\t\t\t\t\t\t\t\t\t\t\t<\/div>\n\t\t\t\t<\/div>\n\t\t\t\t<\/div>\n\t\t\t\t<\/div>\n\t\t<div class=\"elementor-element elementor-element-96698d3 e-con-full e-flex wpr-particle-no wpr-jarallax-no wpr-parallax-no wpr-sticky-section-no wpr-equal-height-no elementor-invisible e-con e-child\" data-id=\"96698d3\" data-element_type=\"container\" data-e-type=\"container\" data-settings=\"{&quot;animation&quot;:&quot;fadeInLeft&quot;}\">\n\t\t<div class=\"elementor-element elementor-element-81e72ab e-con-full e-flex wpr-particle-no wpr-jarallax-no wpr-parallax-no wpr-sticky-section-no wpr-equal-height-no e-con e-child\" data-id=\"81e72ab\" data-element_type=\"container\" data-e-type=\"container\">\n\t\t\t\t<div class=\"elementor-element elementor-element-52dc768 elementor-widget elementor-widget-text-editor\" data-id=\"52dc768\" data-element_type=\"widget\" data-e-type=\"widget\" data-widget_type=\"text-editor.default\">\n\t\t\t\t<div class=\"elementor-widget-container\">\n\t\t\t\t\t\t\t\t\t<h3><span class=\"destaque\">Landing Page!<\/span><\/h3><p>Desenvolvido para:<\/p><h6><strong>Edu Photo &amp; Studio <\/strong><\/h6><p><strong>Atua\u00e7\u00e3o no projeto:<\/strong> <em>Design e programa\u00e7\u00e3o.<\/em><\/p><p>Acesse: <a href=\"https:\/\/eduphotosestudio.com.br\/landing-page\/\" target=\"_blank\" rel=\"noopener\">eduphotosestudio.com.br<\/a><\/p>\t\t\t\t\t\t\t\t<\/div>\n\t\t\t\t<\/div>\n\t\t\t\t<\/div>\n\t\t\t\t<\/div>\n\t\t\t\t<\/div>\n\t\t\t\t\t<\/div>\n\t\t\t\t<\/div>\n\t\t\t\t<\/div>\n\t\t","protected":false},"excerpt":{"rendered":"<p>WEB &#8211; SITES &#8211; LANDING PAGES Site Piloto Stockcar! Site desenvolvido para: Gianluca Petecof\u00a0Piloto da Stockcar Atua\u00e7\u00e3o no projeto: Design e programa\u00e7\u00e3o. Acesse: gpetecof.com Site Est\u00fadio Fotogr\u00e1fico! Site desenvolvido para: Edu Photo &amp; Studio Atua\u00e7\u00e3o no projeto: Design e programa\u00e7\u00e3o. Acesse: eduphotosestudio.com.br Landing Page! Desenvolvido para: Edu Photo &amp; Studio Atua\u00e7\u00e3o no projeto: Design e programa\u00e7\u00e3o. Acesse: eduphotosestudio.com.br<\/p>\n","protected":false},"author":1,"featured_media":0,"parent":0,"menu_order":0,"comment_status":"closed","ping_status":"closed","template":"","meta":{"footnotes":""},"class_list":["post-305","page","type-page","status-publish","hentry"],"_links":{"self":[{"href":"https:\/\/designerdasilva.com.br\/portfolio\/wp-json\/wp\/v2\/pages\/305","targetHints":{"allow":["GET"]}}],"collection":[{"href":"https:\/\/designerdasilva.com.br\/portfolio\/wp-json\/wp\/v2\/pages"}],"about":[{"href":"https:\/\/designerdasilva.com.br\/portfolio\/wp-json\/wp\/v2\/types\/page"}],"author":[{"embeddable":true,"href":"https:\/\/designerdasilva.com.br\/portfolio\/wp-json\/wp\/v2\/users\/1"}],"replies":[{"embeddable":true,"href":"https:\/\/designerdasilva.com.br\/portfolio\/wp-json\/wp\/v2\/comments?post=305"}],"version-history":[{"count":94,"href":"https:\/\/designerdasilva.com.br\/portfolio\/wp-json\/wp\/v2\/pages\/305\/revisions"}],"predecessor-version":[{"id":820,"href":"https:\/\/designerdasilva.com.br\/portfolio\/wp-json\/wp\/v2\/pages\/305\/revisions\/820"}],"wp:attachment":[{"href":"https:\/\/designerdasilva.com.br\/portfolio\/wp-json\/wp\/v2\/media?parent=305"}],"curies":[{"name":"wp","href":"https:\/\/api.w.org\/{rel}","templated":true}]}}