{"id":11,"date":"2024-11-07T21:01:17","date_gmt":"2024-11-07T21:01:17","guid":{"rendered":"https:\/\/designerdasilva.com.br\/portfolio\/?page_id=11"},"modified":"2024-12-13T20:08:05","modified_gmt":"2024-12-13T20:08:05","slug":"home","status":"publish","type":"page","link":"https:\/\/designerdasilva.com.br\/portfolio\/","title":{"rendered":"Home"},"content":{"rendered":"\t\t<div data-elementor-type=\"wp-page\" data-elementor-id=\"11\" class=\"elementor elementor-11\">\n\t\t\t\t<div class=\"elementor-element elementor-element-bd9b3dc home elementor-hidden-tablet elementor-hidden-mobile e-flex e-con-boxed wpr-particle-no wpr-jarallax-no wpr-parallax-no wpr-sticky-section-no wpr-equal-height-no elementor-invisible e-con e-parent\" data-id=\"bd9b3dc\" data-element_type=\"container\" data-e-type=\"container\" data-settings=\"{&quot;background_background&quot;:&quot;video&quot;,&quot;position&quot;:&quot;fixed&quot;,&quot;animation&quot;:&quot;fadeIn&quot;,&quot;background_video_link&quot;:&quot;https:\\\/\\\/designerdasilva.com.br\\\/portfolio\\\/wp-content\\\/uploads\\\/2024\\\/11\\\/videofundo.mp4&quot;,&quot;background_play_on_mobile&quot;:&quot;yes&quot;}\">\n\t\t\t\t\t<div class=\"e-con-inner\">\n\t\t<div class=\"elementor-background-video-container\">\n\t\t\t\t\t\t\t<video class=\"elementor-background-video-hosted\" role=\"presentation\" autoplay muted playsinline loop><\/video>\n\t\t\t\t\t<\/div>\t\t\t<\/div>\n\t\t\t\t<\/div>\n\t\t<div class=\"elementor-element elementor-element-40152c6 home elementor-hidden-desktop e-flex e-con-boxed wpr-particle-no wpr-jarallax-no wpr-parallax-no wpr-sticky-section-no wpr-equal-height-no elementor-invisible e-con e-parent\" data-id=\"40152c6\" data-element_type=\"container\" data-e-type=\"container\" data-settings=\"{&quot;background_background&quot;:&quot;video&quot;,&quot;position&quot;:&quot;fixed&quot;,&quot;animation&quot;:&quot;fadeIn&quot;,&quot;background_video_link&quot;:&quot;https:\\\/\\\/designerdasilva.com.br\\\/portfolio\\\/wp-content\\\/uploads\\\/2024\\\/11\\\/mobile.mp4&quot;,&quot;background_play_on_mobile&quot;:&quot;yes&quot;}\">\n\t\t\t\t\t<div class=\"e-con-inner\">\n\t\t<div class=\"elementor-background-video-container\">\n\t\t\t\t\t\t\t<video class=\"elementor-background-video-hosted\" role=\"presentation\" autoplay muted playsinline loop><\/video>\n\t\t\t\t\t<\/div>\t\t\t<\/div>\n\t\t\t\t<\/div>\n\t\t<div class=\"elementor-element elementor-element-295acb2 e-flex e-con-boxed wpr-particle-no wpr-jarallax-no wpr-parallax-no wpr-sticky-section-no wpr-equal-height-no e-con e-parent\" data-id=\"295acb2\" data-element_type=\"container\" data-e-type=\"container\" data-settings=\"{&quot;position&quot;:&quot;fixed&quot;}\">\n\t\t\t\t\t<div class=\"e-con-inner\">\n\t\t\t\t<div class=\"elementor-element elementor-element-5309bce elementor-invisible elementor-widget elementor-widget-button\" data-id=\"5309bce\" data-element_type=\"widget\" data-e-type=\"widget\" data-settings=\"{&quot;_animation&quot;:&quot;fadeInDown&quot;}\" data-widget_type=\"button.default\">\n\t\t\t\t<div class=\"elementor-widget-container\">\n\t\t\t\t\t\t\t\t\t<div class=\"elementor-button-wrapper\">\n\t\t\t\t\t<a class=\"elementor-button elementor-button-link elementor-size-sm\" href=\"#sobre\">\n\t\t\t\t\t\t<span class=\"elementor-button-content-wrapper\">\n\t\t\t\t\t\t<span class=\"elementor-button-icon\">\n\t\t\t\t<svg aria-hidden=\"true\" class=\"e-font-icon-svg e-far-arrow-alt-circle-down\" viewBox=\"0 0 512 512\" xmlns=\"http:\/\/www.w3.org\/2000\/svg\"><path d=\"M256 8C119 8 8 119 8 256s111 248 248 248 248-111 248-248S393 8 256 8zm0 448c-110.5 0-200-89.5-200-200S145.5 56 256 56s200 89.5 200 200-89.5 200-200 200zm-32-316v116h-67c-10.7 0-16 12.9-8.5 20.5l99 99c4.7 4.7 12.3 4.7 17 0l99-99c7.6-7.6 2.2-20.5-8.5-20.5h-67V140c0-6.6-5.4-12-12-12h-40c-6.6 0-12 5.4-12 12z\"><\/path><\/svg>\t\t\t<\/span>\n\t\t\t\t\t\t\t\t<\/span>\n\t\t\t\t\t<\/a>\n\t\t\t\t<\/div>\n\t\t\t\t\t\t\t\t<\/div>\n\t\t\t\t<\/div>\n\t\t\t\t\t<\/div>\n\t\t\t\t<\/div>\n\t\t<div class=\"elementor-element elementor-element-22d3be0 e-flex e-con-boxed wpr-particle-no wpr-jarallax-no wpr-parallax-no wpr-sticky-section-no wpr-equal-height-no elementor-invisible e-con e-parent\" data-id=\"22d3be0\" data-element_type=\"container\" data-e-type=\"container\" data-settings=\"{&quot;background_background&quot;:&quot;gradient&quot;,&quot;animation&quot;:&quot;fadeInLeft&quot;}\">\n\t\t\t\t\t<div class=\"e-con-inner\">\n\t\t\t\t\t<\/div>\n\t\t\t\t<\/div>\n\t\t<div class=\"elementor-element elementor-element-4403464 e-flex e-con-boxed wpr-particle-no wpr-jarallax-no wpr-parallax-no wpr-sticky-section-no wpr-equal-height-no elementor-invisible e-con e-parent\" data-id=\"4403464\" data-element_type=\"container\" data-e-type=\"container\" id=\"sobre\" data-settings=\"{&quot;background_background&quot;:&quot;gradient&quot;,&quot;animation&quot;:&quot;fadeInUp&quot;}\">\n\t\t\t\t\t<div class=\"e-con-inner\">\n\t\t<div class=\"elementor-element elementor-element-d9e7397 e-con-full e-flex wpr-particle-no wpr-jarallax-no wpr-parallax-no wpr-sticky-section-no wpr-equal-height-no e-con e-child\" data-id=\"d9e7397\" data-element_type=\"container\" data-e-type=\"container\">\n\t\t\t\t<div class=\"elementor-element elementor-element-8336a26 elementor-widget__width-initial elementor-widget elementor-widget-heading\" data-id=\"8336a26\" data-element_type=\"widget\" data-e-type=\"widget\" data-widget_type=\"heading.default\">\n\t\t\t\t<div class=\"elementor-widget-container\">\n\t\t\t\t\t<h2 class=\"elementor-heading-title elementor-size-default\">SOBRE<\/h2>\t\t\t\t<\/div>\n\t\t\t\t<\/div>\n\t\t<div class=\"elementor-element elementor-element-966afa0 e-con-full e-flex wpr-particle-no wpr-jarallax-no wpr-parallax-no wpr-sticky-section-no wpr-equal-height-no elementor-invisible e-con e-child\" data-id=\"966afa0\" data-element_type=\"container\" data-e-type=\"container\" data-settings=\"{&quot;animation&quot;:&quot;fadeInRight&quot;}\">\n\t\t<div class=\"elementor-element elementor-element-2162ba3 e-con-full e-flex wpr-particle-no wpr-jarallax-no wpr-parallax-no wpr-sticky-section-no wpr-equal-height-no e-con e-child\" data-id=\"2162ba3\" data-element_type=\"container\" data-e-type=\"container\">\n\t\t\t\t<div class=\"elementor-element elementor-element-84efeea elementor-widget elementor-widget-text-editor\" data-id=\"84efeea\" data-element_type=\"widget\" data-e-type=\"widget\" data-widget_type=\"text-editor.default\">\n\t\t\t\t<div class=\"elementor-widget-container\">\n\t\t\t\t\t\t\t\t\t<h3><span class=\"destaque\">Ol\u00e1, sou Victor Silva!<\/span><\/h3><p>Seja bem-vindo ao meu portf\u00f3lio.<br \/>Sou <strong><span class=\"negrito\">designer digital<\/span><\/strong> e atuo na \u00e1rea desde 2001.<\/p><p>Desde ent\u00e3o, trabalhei em diferentes ramos do design digital, gr\u00e1fico, anima\u00e7\u00e3o, edi\u00e7\u00e3o de v\u00eddeo e jogos educacionais para institui\u00e7\u00f5es como Objetivo Multim\u00eddia.<\/p><p>Meu trabalho atual abrange <strong><span class=\"negrito\">Web Design<\/span>, <span class=\"negrito\">Modelagem 3D<\/span>, <\/strong><span class=\"negrito\"><strong>Game Design e Motion<\/strong>.<\/span><\/p><p>Convido voc\u00ea a navegar por este espa\u00e7o e, assim, conhecer um pouco mais dos meus trabalhos e por onde passei.<\/p>\t\t\t\t\t\t\t\t<\/div>\n\t\t\t\t<\/div>\n\t\t\t\t<\/div>\n\t\t<div class=\"elementor-element elementor-element-80d7564 e-con-full e-flex wpr-particle-no wpr-jarallax-no wpr-parallax-no wpr-sticky-section-no wpr-equal-height-no e-con e-child\" data-id=\"80d7564\" data-element_type=\"container\" data-e-type=\"container\">\n\t\t\t\t<div class=\"elementor-element elementor-element-2231158 elementor-widget elementor-widget-text-editor\" data-id=\"2231158\" data-element_type=\"widget\" data-e-type=\"widget\" data-widget_type=\"text-editor.default\">\n\t\t\t\t<div class=\"elementor-widget-container\">\n\t\t\t\t\t\t\t\t\t<h3><span class=\"destaque\">Forma\u00e7\u00e3o<\/span><\/h3><h5><span class=\"negrito\">Gradua\u00e7\u00e3o<\/span><\/h5><p>Design Digital &#8211; Universidade Anhembi Morumbi<\/p><h5><span class=\"negrito\">P\u00f3s-gradua\u00e7\u00e3o<\/span><\/h5><p>Games Produ\u00e7\u00e3o e Programa\u00e7\u00e3o &#8211; Centro Universit\u00e1rio SENAC<\/p><p>\u00a0<\/p><p>\u00a0<\/p><p>\u00a0<\/p>\t\t\t\t\t\t\t\t<\/div>\n\t\t\t\t<\/div>\n\t\t\t\t<\/div>\n\t\t\t\t<\/div>\n\t\t<div class=\"elementor-element elementor-element-b8aec1a e-con-full e-flex wpr-particle-no wpr-jarallax-no wpr-parallax-no wpr-sticky-section-no wpr-equal-height-no elementor-invisible e-con e-child\" data-id=\"b8aec1a\" data-element_type=\"container\" data-e-type=\"container\" data-settings=\"{&quot;animation&quot;:&quot;fadeInLeft&quot;}\">\n\t\t<div class=\"elementor-element elementor-element-00f8b43 e-con-full e-flex wpr-particle-no wpr-jarallax-no wpr-parallax-no wpr-sticky-section-no wpr-equal-height-no e-con e-child\" data-id=\"00f8b43\" data-element_type=\"container\" data-e-type=\"container\">\n\t\t\t\t<div class=\"elementor-element elementor-element-75b498d elementor-widget elementor-widget-text-editor\" data-id=\"75b498d\" data-element_type=\"widget\" data-e-type=\"widget\" data-widget_type=\"text-editor.default\">\n\t\t\t\t<div class=\"elementor-widget-container\">\n\t\t\t\t\t\t\t\t\t<h3><span class=\"destaque\">Por onde andei<\/span><\/h3><h5>Freelancer<\/h5><p><span class=\"negrito\">Webdesigner &#8211; Modelador 3D<\/span><br \/>Atual<\/p><h5>Dminer Software e Solu\u00e7\u00f5es Ltda<\/h5><p>Como <span class=\"negrito\">Designer Digital<\/span><br \/>De agosto de 2018 a maio de 2020<\/p><h5>A+ FCVA Comunica\u00e7\u00e3o Integrada<\/h5><p>Como <span class=\"negrito\">Webdesigner<\/span><br \/>De junho de 2009 a maio de 2012<\/p><h5>Polavizion Computa\u00e7\u00e3o Gr\u00e1fica<\/h5><p>Como <span class=\"negrito\">Designer\/Programador<\/span><br \/>De mar\u00e7o de 2001 a fevereiro de 2009<\/p>\t\t\t\t\t\t\t\t<\/div>\n\t\t\t\t<\/div>\n\t\t\t\t<\/div>\n\t\t<div class=\"elementor-element elementor-element-9552dde e-con-full e-flex wpr-particle-no wpr-jarallax-no wpr-parallax-no wpr-sticky-section-no wpr-equal-height-no e-con e-child\" data-id=\"9552dde\" data-element_type=\"container\" data-e-type=\"container\">\n\t\t\t\t<div class=\"elementor-element elementor-element-b75d427 elementor-widget elementor-widget-text-editor\" data-id=\"b75d427\" data-element_type=\"widget\" data-e-type=\"widget\" data-widget_type=\"text-editor.default\">\n\t\t\t\t<div class=\"elementor-widget-container\">\n\t\t\t\t\t\t\t\t\t<h3><span class=\"destaque\">Cursos<\/span><\/h3><p><br \/>Web Design Php e MySQL &#8211; SENAC <br \/>HTML 5 Css3 &#8211; DRC <br \/>3D Produ\u00e7\u00e3o 3D com Maya &#8211; Alpha C. <br \/>Maya Avan\u00e7ado \u2013 DRC <br \/>Zbrush \u2013 DRC<\/p><h5><br \/><span class=\"negrito\">Idiomas<\/span><\/h5><p>Ingl\u00eas intermedi\u00e1rio<\/p><h5><br \/><span class=\"negrito\">Ferramentas<\/span><\/h5><p>3D Max &#8211; After Effects &#8211; Construct 2<br \/>Dreamweaver &#8211; Animate\/Flash &#8211; Illustrator<br \/>Photoshop &#8211; Sony Vegas &#8211; Unity 3D<\/p>\t\t\t\t\t\t\t\t<\/div>\n\t\t\t\t<\/div>\n\t\t\t\t<\/div>\n\t\t\t\t<\/div>\n\t\t\t\t<div class=\"elementor-element elementor-element-178e107 elementor-widget__width-initial elementor-widget elementor-widget-heading\" data-id=\"178e107\" data-element_type=\"widget\" data-e-type=\"widget\" data-widget_type=\"heading.default\">\n\t\t\t\t<div class=\"elementor-widget-container\">\n\t\t\t\t\t<h2 class=\"elementor-heading-title elementor-size-default\">TRABALHOS<\/h2>\t\t\t\t<\/div>\n\t\t\t\t<\/div>\n\t\t<div class=\"elementor-element elementor-element-9ced238 e-con-full e-flex wpr-particle-no wpr-jarallax-no wpr-parallax-no wpr-sticky-section-no wpr-equal-height-no elementor-invisible e-con e-child\" data-id=\"9ced238\" data-element_type=\"container\" data-e-type=\"container\" data-settings=\"{&quot;animation&quot;:&quot;fadeInLeft&quot;}\">\n\t\t<div class=\"elementor-element elementor-element-6d4b1a5 e-con-full e-flex wpr-particle-no wpr-jarallax-no wpr-parallax-no wpr-sticky-section-no wpr-equal-height-no e-con e-child\" data-id=\"6d4b1a5\" data-element_type=\"container\" data-e-type=\"container\" data-settings=\"{&quot;background_background&quot;:&quot;classic&quot;}\">\n\t\t<div class=\"elementor-element elementor-element-a48c47e e-con-full e-flex wpr-particle-no wpr-jarallax-no wpr-parallax-no wpr-sticky-section-no wpr-equal-height-no elementor-invisible e-con e-child\" data-id=\"a48c47e\" data-element_type=\"container\" data-e-type=\"container\" data-settings=\"{&quot;animation&quot;:&quot;fadeInLeft&quot;,&quot;background_background&quot;:&quot;gradient&quot;}\">\n\t\t<div class=\"elementor-element elementor-element-e256c6d e-con-full e-flex wpr-particle-no wpr-jarallax-no wpr-parallax-no wpr-sticky-section-no wpr-equal-height-no e-con e-child\" data-id=\"e256c6d\" data-element_type=\"container\" data-e-type=\"container\">\n\t\t\t\t<div class=\"elementor-element elementor-element-84f32b5 elementor-widget elementor-widget-image\" data-id=\"84f32b5\" data-element_type=\"widget\" data-e-type=\"widget\" data-widget_type=\"image.default\">\n\t\t\t\t<div class=\"elementor-widget-container\">\n\t\t\t\t\t\t\t\t\t\t\t\t\t\t\t\t<a href=\"https:\/\/designerdasilva.com.br\/portfolio\/3d\/\">\n\t\t\t\t\t\t\t<img decoding=\"async\" width=\"150\" height=\"150\" src=\"https:\/\/designerdasilva.com.br\/portfolio\/wp-content\/uploads\/2024\/11\/3D-150x150.jpg\" class=\"attachment-thumbnail size-thumbnail wp-image-647\" alt=\"\" \/>\t\t\t\t\t\t\t\t<\/a>\n\t\t\t\t\t\t\t\t\t\t\t\t\t\t\t<\/div>\n\t\t\t\t<\/div>\n\t\t\t\t<div class=\"elementor-element elementor-element-364534c elementor-widget elementor-widget-text-editor\" data-id=\"364534c\" data-element_type=\"widget\" data-e-type=\"widget\" id=\"titulo\" data-widget_type=\"text-editor.default\">\n\t\t\t\t<div class=\"elementor-widget-container\">\n\t\t\t\t\t\t\t\t\t<h3><a style=\"text-decoration: none;\" href=\"https:\/\/designerdasilva.com.br\/portfolio\/3d\/\" target=\"_blank\" rel=\"noopener\"><strong>3D<\/strong><\/a><\/h3>\t\t\t\t\t\t\t\t<\/div>\n\t\t\t\t<\/div>\n\t\t\t\t<\/div>\n\t\t\t\t<\/div>\n\t\t\t\t<\/div>\n\t\t<div class=\"elementor-element elementor-element-886f2f5 e-con-full e-flex wpr-particle-no wpr-jarallax-no wpr-parallax-no wpr-sticky-section-no wpr-equal-height-no e-con e-child\" data-id=\"886f2f5\" data-element_type=\"container\" data-e-type=\"container\">\n\t\t<div class=\"elementor-element elementor-element-6dd16f5 e-con-full e-flex wpr-particle-no wpr-jarallax-no wpr-parallax-no wpr-sticky-section-no wpr-equal-height-no elementor-invisible e-con e-child\" data-id=\"6dd16f5\" data-element_type=\"container\" data-e-type=\"container\" data-settings=\"{&quot;animation&quot;:&quot;fadeInLeft&quot;,&quot;background_background&quot;:&quot;gradient&quot;}\">\n\t\t<div class=\"elementor-element elementor-element-70c6f0f e-con-full e-flex wpr-particle-no wpr-jarallax-no wpr-parallax-no wpr-sticky-section-no wpr-equal-height-no e-con e-child\" data-id=\"70c6f0f\" data-element_type=\"container\" data-e-type=\"container\">\n\t\t\t\t<div class=\"elementor-element elementor-element-76b159d elementor-widget elementor-widget-image\" data-id=\"76b159d\" data-element_type=\"widget\" data-e-type=\"widget\" data-widget_type=\"image.default\">\n\t\t\t\t<div class=\"elementor-widget-container\">\n\t\t\t\t\t\t\t\t\t\t\t\t\t\t\t\t<a href=\"https:\/\/designerdasilva.com.br\/portfolio\/web\/\">\n\t\t\t\t\t\t\t<img decoding=\"async\" width=\"150\" height=\"150\" src=\"https:\/\/designerdasilva.com.br\/portfolio\/wp-content\/uploads\/2024\/11\/web-150x150.jpg\" class=\"attachment-thumbnail size-thumbnail wp-image-650\" alt=\"\" \/>\t\t\t\t\t\t\t\t<\/a>\n\t\t\t\t\t\t\t\t\t\t\t\t\t\t\t<\/div>\n\t\t\t\t<\/div>\n\t\t\t\t<div class=\"elementor-element elementor-element-89f25e3 elementor-widget elementor-widget-text-editor\" data-id=\"89f25e3\" data-element_type=\"widget\" data-e-type=\"widget\" data-widget_type=\"text-editor.default\">\n\t\t\t\t<div class=\"elementor-widget-container\">\n\t\t\t\t\t\t\t\t\t<h3><a style=\"text-decoration: none;\" href=\"https:\/\/designerdasilva.com.br\/portfolio\/web\/\" target=\"_blank\" rel=\"noopener\"><strong>WEB<\/strong><\/a><\/h3>\t\t\t\t\t\t\t\t<\/div>\n\t\t\t\t<\/div>\n\t\t\t\t<\/div>\n\t\t\t\t<\/div>\n\t\t\t\t<\/div>\n\t\t\t\t<\/div>\n\t\t<div class=\"elementor-element elementor-element-c371c07 e-con-full e-flex wpr-particle-no wpr-jarallax-no wpr-parallax-no wpr-sticky-section-no wpr-equal-height-no elementor-invisible e-con e-child\" data-id=\"c371c07\" data-element_type=\"container\" data-e-type=\"container\" data-settings=\"{&quot;animation&quot;:&quot;fadeInRight&quot;}\">\n\t\t<div class=\"elementor-element elementor-element-e586e52 e-con-full e-flex wpr-particle-no wpr-jarallax-no wpr-parallax-no wpr-sticky-section-no wpr-equal-height-no e-con e-child\" data-id=\"e586e52\" data-element_type=\"container\" data-e-type=\"container\" data-settings=\"{&quot;background_background&quot;:&quot;classic&quot;}\">\n\t\t<div class=\"elementor-element elementor-element-e6306eb e-con-full e-flex wpr-particle-no wpr-jarallax-no wpr-parallax-no wpr-sticky-section-no wpr-equal-height-no elementor-invisible e-con e-child\" data-id=\"e6306eb\" data-element_type=\"container\" data-e-type=\"container\" data-settings=\"{&quot;animation&quot;:&quot;fadeInLeft&quot;,&quot;background_background&quot;:&quot;gradient&quot;}\">\n\t\t<div class=\"elementor-element elementor-element-5649028 e-con-full e-flex wpr-particle-no wpr-jarallax-no wpr-parallax-no wpr-sticky-section-no wpr-equal-height-no e-con e-child\" data-id=\"5649028\" data-element_type=\"container\" data-e-type=\"container\">\n\t\t\t\t<div class=\"elementor-element elementor-element-410a521 elementor-widget elementor-widget-image\" data-id=\"410a521\" data-element_type=\"widget\" data-e-type=\"widget\" data-widget_type=\"image.default\">\n\t\t\t\t<div class=\"elementor-widget-container\">\n\t\t\t\t\t\t\t\t\t\t\t\t\t\t\t\t<a href=\"https:\/\/designerdasilva.com.br\/portfolio\/apps-filtros-games\/\">\n\t\t\t\t\t\t\t<img decoding=\"async\" width=\"150\" height=\"150\" src=\"https:\/\/designerdasilva.com.br\/portfolio\/wp-content\/uploads\/2024\/11\/games-150x150.jpg\" class=\"attachment-thumbnail size-thumbnail wp-image-649\" alt=\"\" \/>\t\t\t\t\t\t\t\t<\/a>\n\t\t\t\t\t\t\t\t\t\t\t\t\t\t\t<\/div>\n\t\t\t\t<\/div>\n\t\t\t\t<div class=\"elementor-element elementor-element-28adc1b elementor-widget elementor-widget-text-editor\" data-id=\"28adc1b\" data-element_type=\"widget\" data-e-type=\"widget\" data-widget_type=\"text-editor.default\">\n\t\t\t\t<div class=\"elementor-widget-container\">\n\t\t\t\t\t\t\t\t\t<h4><a style=\"text-decoration: none;\" href=\"https:\/\/designerdasilva.com.br\/portfolio\/apps-filtros-games\/\" target=\"_blank\" rel=\"noopener\"><strong>APPs &#8211; FILTROS &#8211; GAMES<\/strong><\/a><\/h4>\t\t\t\t\t\t\t\t<\/div>\n\t\t\t\t<\/div>\n\t\t\t\t<\/div>\n\t\t\t\t<\/div>\n\t\t\t\t<\/div>\n\t\t<div class=\"elementor-element elementor-element-f3176c1 e-con-full e-flex wpr-particle-no wpr-jarallax-no wpr-parallax-no wpr-sticky-section-no wpr-equal-height-no e-con e-child\" data-id=\"f3176c1\" data-element_type=\"container\" data-e-type=\"container\">\n\t\t<div class=\"elementor-element elementor-element-a47ccef e-con-full e-flex wpr-particle-no wpr-jarallax-no wpr-parallax-no wpr-sticky-section-no wpr-equal-height-no elementor-invisible e-con e-child\" data-id=\"a47ccef\" data-element_type=\"container\" data-e-type=\"container\" data-settings=\"{&quot;animation&quot;:&quot;fadeInLeft&quot;,&quot;background_background&quot;:&quot;gradient&quot;}\">\n\t\t<div class=\"elementor-element elementor-element-da8d7dd e-con-full e-flex wpr-particle-no wpr-jarallax-no wpr-parallax-no wpr-sticky-section-no wpr-equal-height-no e-con e-child\" data-id=\"da8d7dd\" data-element_type=\"container\" data-e-type=\"container\">\n\t\t\t\t<div class=\"elementor-element elementor-element-c09044f elementor-widget elementor-widget-image\" data-id=\"c09044f\" data-element_type=\"widget\" data-e-type=\"widget\" data-widget_type=\"image.default\">\n\t\t\t\t<div class=\"elementor-widget-container\">\n\t\t\t\t\t\t\t\t\t\t\t\t\t\t\t\t<a href=\"https:\/\/designerdasilva.com.br\/portfolio\/animacao-vfx-motion\/\">\n\t\t\t\t\t\t\t<img loading=\"lazy\" decoding=\"async\" width=\"150\" height=\"150\" src=\"https:\/\/designerdasilva.com.br\/portfolio\/wp-content\/uploads\/2024\/11\/animacao-150x150.jpg\" class=\"attachment-thumbnail size-thumbnail wp-image-648\" alt=\"\" \/>\t\t\t\t\t\t\t\t<\/a>\n\t\t\t\t\t\t\t\t\t\t\t\t\t\t\t<\/div>\n\t\t\t\t<\/div>\n\t\t\t\t<div class=\"elementor-element elementor-element-f72ad7c elementor-widget elementor-widget-text-editor\" data-id=\"f72ad7c\" data-element_type=\"widget\" data-e-type=\"widget\" data-widget_type=\"text-editor.default\">\n\t\t\t\t<div class=\"elementor-widget-container\">\n\t\t\t\t\t\t\t\t\t<h4><a style=\"text-decoration: none;\" href=\"https:\/\/designerdasilva.com.br\/portfolio\/animacao-vfx-motion\/\" target=\"_blank\" rel=\"noopener\"><strong>ANIMA\u00c7\u00c3O &#8211; VFX &#8211; MOTION<\/strong><\/a><\/h4>\t\t\t\t\t\t\t\t<\/div>\n\t\t\t\t<\/div>\n\t\t\t\t<\/div>\n\t\t\t\t<\/div>\n\t\t\t\t<\/div>\n\t\t\t\t<\/div>\n\t\t\t\t<\/div>\n\t\t\t\t\t<\/div>\n\t\t\t\t<\/div>\n\t\t\t\t<\/div>\n\t\t","protected":false},"excerpt":{"rendered":"<p>SOBRE Ol\u00e1, sou Victor Silva! Seja bem-vindo ao meu portf\u00f3lio.Sou designer digital e atuo na \u00e1rea desde 2001. Desde ent\u00e3o, trabalhei em diferentes ramos do design digital, gr\u00e1fico, anima\u00e7\u00e3o, edi\u00e7\u00e3o de v\u00eddeo e jogos educacionais para institui\u00e7\u00f5es como Objetivo Multim\u00eddia. Meu trabalho atual abrange Web Design, Modelagem 3D, Game Design e Motion. Convido voc\u00ea a navegar por este espa\u00e7o e, assim, conhecer um pouco mais dos meus trabalhos e por onde passei. Forma\u00e7\u00e3o Gradua\u00e7\u00e3o Design Digital &#8211; Universidade Anhembi Morumbi P\u00f3s-gradua\u00e7\u00e3o Games Produ\u00e7\u00e3o e Programa\u00e7\u00e3o &#8211; Centro Universit\u00e1rio SENAC \u00a0 \u00a0 \u00a0 Por onde andei Freelancer Webdesigner &#8211; Modelador 3DAtual Dminer Software e Solu\u00e7\u00f5es Ltda Como Designer DigitalDe agosto de 2018 a maio de 2020 A+ FCVA Comunica\u00e7\u00e3o Integrada Como WebdesignerDe junho de 2009 a maio de 2012 Polavizion Computa\u00e7\u00e3o Gr\u00e1fica Como Designer\/ProgramadorDe mar\u00e7o de 2001 a fevereiro de 2009 Cursos Web Design Php e MySQL &#8211; SENAC HTML 5 Css3 &#8211; DRC 3D Produ\u00e7\u00e3o 3D com Maya &#8211; Alpha C. Maya Avan\u00e7ado \u2013 DRC Zbrush \u2013 DRC Idiomas Ingl\u00eas intermedi\u00e1rio Ferramentas 3D Max &#8211; After Effects &#8211; Construct 2Dreamweaver &#8211; Animate\/Flash &#8211; IllustratorPhotoshop &#8211; Sony Vegas &#8211; Unity 3D TRABALHOS 3D WEB APPs &#8211; FILTROS &#8211; GAMES ANIMA\u00c7\u00c3O &#8211; VFX &#8211; MOTION<\/p>\n","protected":false},"author":1,"featured_media":0,"parent":0,"menu_order":0,"comment_status":"closed","ping_status":"closed","template":"","meta":{"footnotes":""},"class_list":["post-11","page","type-page","status-publish","hentry"],"_links":{"self":[{"href":"https:\/\/designerdasilva.com.br\/portfolio\/wp-json\/wp\/v2\/pages\/11","targetHints":{"allow":["GET"]}}],"collection":[{"href":"https:\/\/designerdasilva.com.br\/portfolio\/wp-json\/wp\/v2\/pages"}],"about":[{"href":"https:\/\/designerdasilva.com.br\/portfolio\/wp-json\/wp\/v2\/types\/page"}],"author":[{"embeddable":true,"href":"https:\/\/designerdasilva.com.br\/portfolio\/wp-json\/wp\/v2\/users\/1"}],"replies":[{"embeddable":true,"href":"https:\/\/designerdasilva.com.br\/portfolio\/wp-json\/wp\/v2\/comments?post=11"}],"version-history":[{"count":247,"href":"https:\/\/designerdasilva.com.br\/portfolio\/wp-json\/wp\/v2\/pages\/11\/revisions"}],"predecessor-version":[{"id":772,"href":"https:\/\/designerdasilva.com.br\/portfolio\/wp-json\/wp\/v2\/pages\/11\/revisions\/772"}],"wp:attachment":[{"href":"https:\/\/designerdasilva.com.br\/portfolio\/wp-json\/wp\/v2\/media?parent=11"}],"curies":[{"name":"wp","href":"https:\/\/api.w.org\/{rel}","templated":true}]}}